{"id":20,"date":"2023-01-05T19:21:09","date_gmt":"2023-01-05T19:21:09","guid":{"rendered":"https:\/\/riesenbecker-6stundenlauf.de\/?page_id=20"},"modified":"2023-01-05T19:21:09","modified_gmt":"2023-01-05T19:21:09","slug":"agb","status":"publish","type":"page","link":"https:\/\/riesenbecker-6stundenlauf.de\/index.php\/agb\/","title":{"rendered":"AGB"},"content":{"rendered":"\n<p>Allgemeine Gesch\u00e4ftsbedingungen<\/p>\n\n\n\n<p>Hiermit erkl\u00e4re ich mein Einverst\u00e4ndnis mit dem Reglement lt. Ausschreibung des Veranstalters. Ich best\u00e4tige, dass \u00e4rztlicherseits keine Einwendungen gegen meine Teilnahme bestehen und mein Trainings- und Gesundheitszustand den Anforderungen des Wettkampfes entspricht.<\/p>\n\n\n\n<p>Haftungsausschluss: Ich kenne die mit dem Wettkampf verbundenen gesundheitlichen und sonstigen Gefahren und Umst\u00e4nde und best\u00e4tige ausdr\u00fccklich, auf eigene Verantwortung und Risiko an der Veranstaltung teilzunehmen. Ich versichere gleichzeitig, dass ich keinerlei Rechtsanspr\u00fcche und Forderungen an den Veranstalter, dessen Mitarbeiter sowie Vereine, die Stadt H\u00f6rstel und sonstige Personen stellen werde, soweit nicht Haftpflicht-Versicherungsanspr\u00fcche bestehen. Der Veranstalter sowie derehn gesetzliche Vertreter und Erf\u00fcllungsgehilfen haften nur bei vors\u00e4tzlichem oder grob fahrl\u00e4ssigem Verhalten. Jeder Teilnehmer ist f\u00fcr die technische Sicherheit seiner Ausr\u00fcstung selbst verantwortlich.<\/p>\n\n\n\n<p>Es sind keinerlei Rechtsanspr\u00fcche bei h\u00f6herer Gewalt m\u00f6glich. Das Startgeld wird nicht erstattet, ausgenommen bei Nichtannahme der Meldung. Die Anmeldung ist g\u00fcltig, wenn das Startgeld in voller H\u00f6he bezahlt ist. F\u00fcr Nachmeldungen f\u00e4llt eine erh\u00f6hte Startgeb\u00fchr an &#8211; siehe unter Nachmeldungen. Streichungen und Zus\u00e4tze auf<\/p>\n\n\n\n<p>dem Anmeldeformular sind gegenstandslos. Eine schriftliche Best\u00e4tigung der Anmeldung erfolgt nicht. Ich bin einverstanden, dass meine Daten zum Zwecke der Vorbereitung und Durchf\u00fchrung der Veranstaltung gespeichert<\/p>\n\n\n\n<p>werden.<\/p>\n\n\n\n<p>Datenschutz:<\/p>\n\n\n\n<p>Mit der Abgabe einer Meldung erkl\u00e4rt sich der gemeldete Teilnehmer mit der Speicherung der personenbezogenen Daten einverstanden und auch damit, dass die Wettkampfdaten in Meldelisten, Wettkampfprotokollen und Ergebnislisten auch auf elektronischem Wege, ver\u00f6ffentlicht werden. Die bei der Anmeldung erfassten Daten werden gespeichert und zur Durchf\u00fchrung und Abwicklung der Veranstaltung vom Veranstalter und deren Dienstleistern, u.a. der Firma datacapo IT Services GmbH, Am Stockert 5, 79312 Emmendingen, verwendet. Mit der Anmeldung willigt der Teilnehmer in eine Speicherung der Daten zu diesem Zwecke ein.<\/p>\n\n\n\n<p>Bei minderj\u00e4hrigen Teilnehmern m\u00fcssen die Erziehungsberechtigen diese Bedingungen akzeptieren.<\/p>\n\n\n\n<p>Die Ver\u00f6ffentlichung erfolgt auf den Internetseiten&nbsp;<a href=\"http:\/\/www.sv-teuto.de\/\" target=\"_blank\" rel=\"noreferrer noopener\">www.sv-teuto.de<\/a>,&nbsp;<a href=\"http:\/\/ww.riesenbecker-6stundenlauf.de\/\" target=\"_blank\" rel=\"noreferrer noopener\">ww.riesenbecker-6stundenlauf.de<\/a>&nbsp;und ggf. auf der Internetseite des Deutsche Ultralauf Verbandes und in der Presseberichterstattung (IVZ, und diverse Lauf Magazinen). Zus\u00e4tzlich erkl\u00e4rt der gemeldete Teilnehmer mit Abgabe der Meldung, dass die in der Anmeldung genannten Daten sowie im Rahmen der Veranstaltung erstellte Fotos, Filmaufnahmen oder fotomechanische Vervielf\u00e4ltigungen ohne Verg\u00fctungsanspr\u00fcche des jeweiligen Teilnehmers vom Veranstalter und Dritten wie Medien und Sponsoren genutzt werden d\u00fcrfen<\/p>\n","protected":false},"excerpt":{"rendered":"<p>Allgemeine Gesch\u00e4ftsbedingungen Hiermit erkl\u00e4re ich mein Einverst\u00e4ndnis mit dem Reglement lt. Ausschreibung des Veranstalters. Ich best\u00e4tige, dass \u00e4rztlicherseits keine Einwendungen gegen meine Teilnahme bestehen und mein Trainings- und Gesundheitszustand den Anforderungen des Wettkampfes entspricht. Haftungsausschluss: Ich kenne die mit dem Wettkampf verbundenen gesundheitlichen und sonstigen Gefahren und Umst\u00e4nde und best\u00e4tige ausdr\u00fccklich, auf eigene Verantwortung und [&hellip;]<\/p>\n","protected":false},"author":1,"featured_media":0,"parent":0,"menu_order":0,"comment_status":"closed","ping_status":"closed","template":"","meta":{"footnotes":""},"class_list":["post-20","page","type-page","status-publish","hentry","post-preview"],"_links":{"self":[{"href":"https:\/\/riesenbecker-6stundenlauf.de\/index.php\/wp-json\/wp\/v2\/pages\/20","targetHints":{"allow":["GET"]}}],"collection":[{"href":"https:\/\/riesenbecker-6stundenlauf.de\/index.php\/wp-json\/wp\/v2\/pages"}],"about":[{"href":"https:\/\/riesenbecker-6stundenlauf.de\/index.php\/wp-json\/wp\/v2\/types\/page"}],"author":[{"embeddable":true,"href":"https:\/\/riesenbecker-6stundenlauf.de\/index.php\/wp-json\/wp\/v2\/users\/1"}],"replies":[{"embeddable":true,"href":"https:\/\/riesenbecker-6stundenlauf.de\/index.php\/wp-json\/wp\/v2\/comments?post=20"}],"version-history":[{"count":1,"href":"https:\/\/riesenbecker-6stundenlauf.de\/index.php\/wp-json\/wp\/v2\/pages\/20\/revisions"}],"predecessor-version":[{"id":21,"href":"https:\/\/riesenbecker-6stundenlauf.de\/index.php\/wp-json\/wp\/v2\/pages\/20\/revisions\/21"}],"wp:attachment":[{"href":"https:\/\/riesenbecker-6stundenlauf.de\/index.php\/wp-json\/wp\/v2\/media?parent=20"}],"curies":[{"name":"wp","href":"https:\/\/api.w.org\/{rel}","templated":true}]}}